{"id":13589,"date":"2021-05-21T09:47:31","date_gmt":"2021-05-21T07:47:31","guid":{"rendered":"https:\/\/www.fairsquared.com\/?page_id=13589"},"modified":"2025-05-12T18:05:11","modified_gmt":"2025-05-12T16:05:11","slug":"beautybar","status":"publish","type":"page","link":"https:\/\/www.fairsquared.com\/de\/beautybar\/","title":{"rendered":"Beauty Bar"},"content":{"rendered":"\n<div style=\"height:60px\" aria-hidden=\"true\" class=\"wp-block-spacer\"><\/div>\n\n\n\n<div class=\"wp-block-columns is-layout-flex wp-container-core-columns-is-layout-9d6595d7 wp-block-columns-is-layout-flex\">\n<div class=\"wp-block-column is-layout-flow wp-block-column-is-layout-flow\" style=\"flex-basis:33.33%\">\n<figure class=\"wp-block-image size-full\"><img loading=\"lazy\" decoding=\"async\" width=\"800\" height=\"800\" src=\"https:\/\/www.fairsquared.com\/wp-content\/uploads\/2025\/05\/fair_squared_beautybar.jpg\" alt=\"FAIR SQUARED Beautybar\" class=\"wp-image-18651\" srcset=\"https:\/\/www.fairsquared.com\/wp-content\/uploads\/2025\/05\/fair_squared_beautybar.jpg 800w, https:\/\/www.fairsquared.com\/wp-content\/uploads\/2025\/05\/fair_squared_beautybar-768x768.jpg 768w, https:\/\/www.fairsquared.com\/wp-content\/uploads\/2025\/05\/fair_squared_beautybar-150x150.jpg 150w\" sizes=\"(max-width: 800px) 100vw, 800px\" \/><\/figure>\n<\/div>\n\n\n\n<div class=\"wp-block-column is-layout-flow wp-block-column-is-layout-flow\" style=\"flex-basis:66.66%\">\n<h1 class=\"wp-block-heading\">Herzlich Willkommen im Downloadbereich der FAIR SQUARED BEAUTY BAR.<\/h1>\n\n\n\n<div style=\"height:40px\" aria-hidden=\"true\" class=\"wp-block-spacer\"><\/div>\n\n\n\n<p class=\"has-medium-font-size\"><strong>Dieses Angebot richtet sich ausschlie\u00dflich an Wiederverk\u00e4ufer*innen unseres Kreislaufsystem f\u00fcr kosmetische Produkte.<\/strong><\/p>\n\n\n\n<p class=\"has-medium-font-size\"><strong>Im folgenden finden Sie Downloads f\u00fcr Elemente unseres Systems.<\/strong><\/p>\n\n\n\n<hr class=\"wp-block-separator has-css-opacity\"\/>\n\n\n\n<h2 class=\"wp-block-heading has-text-align-center\">HANDBUCH<\/h2>\n\n\n\n<p class=\"has-text-align-center\">Bitte machen Sie sich zun\u00e4chst mit dem Handbuch vertraut, in dem Sie auch eine Produktschulung finden.<\/p>\n\n\n\n<div style=\"height:30px\" aria-hidden=\"true\" class=\"wp-block-spacer\"><\/div>\n\n\n\n<div data-wp-interactive=\"core\/file\" class=\"wp-block-file aligncenter\"><object data-wp-bind--hidden=\"!state.hasPdfPreview\" hidden class=\"wp-block-file__embed\" data=\"https:\/\/www.fairsquared.com\/wp-content\/uploads\/2025\/02\/2025-FSQ-BEAUTYBAR-Schulung-DE.pdf\" type=\"application\/pdf\" style=\"width:100%;height:600px\" aria-label=\"Einbettung von 2025-FSQ-BEAUTYBAR-Schulung-DE.\"><\/object><a id=\"wp-block-file--media-3b866860-6027-4c0c-917e-329c08444e60\" href=\"https:\/\/www.fairsquared.com\/wp-content\/uploads\/2025\/02\/2025-FSQ-BEAUTYBAR-Schulung-DE.pdf\">2025-FSQ-BEAUTYBAR-Schulung-DE<\/a><a href=\"https:\/\/www.fairsquared.com\/wp-content\/uploads\/2025\/02\/2025-FSQ-BEAUTYBAR-Schulung-DE.pdf\" class=\"wp-block-file__button wp-element-button\" download aria-describedby=\"wp-block-file--media-3b866860-6027-4c0c-917e-329c08444e60\">Herunterladen<\/a><\/div>\n\n\n\n<p class=\"has-text-align-center has-small-font-size\">(Download FSQ Handbuch \/ Produktschulung)<\/p>\n\n\n\n<hr class=\"wp-block-separator has-css-opacity\"\/>\n\n\n\n<h2 class=\"wp-block-heading has-text-align-center\">PRODUKTLABEL<\/h2>\n\n\n\n<p class=\"has-text-align-center\">F\u00fcr die richtige Kennzeichnung von selbst abgef\u00fcllter Kosmetik nutzen Sie bitte das \u201eFSQ BEAUTY BAR Produktlabel\u201c. Sie k\u00f6nnen dieses auf Labels in der Gr\u00f6\u00dfe 105x35mm in beliebiger Menge selbst ausdrucken. Blanko Etiketten bekommen Sie unter anderem von Avery Zweckform 3423.<\/p>\n\n\n\n<div style=\"height:30px\" aria-hidden=\"true\" class=\"wp-block-spacer\"><\/div>\n\n\n\n<div data-wp-interactive=\"core\/file\" class=\"wp-block-file aligncenter\"><object data-wp-bind--hidden=\"!state.hasPdfPreview\" hidden class=\"wp-block-file__embed\" data=\"https:\/\/www.fairsquared.com\/wp-content\/uploads\/2025\/02\/2025-FSQ-BEAUTY-BAR-Produktlabel-10535-A4Bogen.pdf\" type=\"application\/pdf\" style=\"width:100%;height:600px\" aria-label=\"Einbettung von 2025-FSQ-BEAUTY-BAR-Produktlabel-10535-A4Bogen.\"><\/object><a id=\"wp-block-file--media-eca3a1f3-d0d1-4070-b2aa-b967ecbfffb3\" href=\"https:\/\/www.fairsquared.com\/wp-content\/uploads\/2025\/02\/2025-FSQ-BEAUTY-BAR-Produktlabel-10535-A4Bogen.pdf\">2025-FSQ-BEAUTY-BAR-Produktlabel-10535-A4Bogen<\/a><a href=\"https:\/\/www.fairsquared.com\/wp-content\/uploads\/2025\/02\/2025-FSQ-BEAUTY-BAR-Produktlabel-10535-A4Bogen.pdf\" class=\"wp-block-file__button wp-element-button\" download aria-describedby=\"wp-block-file--media-eca3a1f3-d0d1-4070-b2aa-b967ecbfffb3\">Herunterladen<\/a><\/div>\n\n\n\n<p class=\"has-text-align-center has-small-font-size\">FSQ BEAUTY BAR Produktlabel Bogen<\/p>\n\n\n\n<hr class=\"wp-block-separator has-css-opacity\"\/>\n\n\n\n<h2 class=\"wp-block-heading has-text-align-center\">INCIS<\/h2>\n\n\n\n<p>Sie sind dazu verpflichtet, die INCIS der jeweiligen Produkte den Kund*innen zu zeigen (zum papierlosen abfotographieren) oder ausgedruckt mitzugeben.<\/p>\n\n\n\n<div class=\"wp-block-file\"><a id=\"wp-block-file--media-4692e186-c97a-41fd-84ea-89d323bff5e9\" href=\"https:\/\/www.fairsquared.com\/wp-content\/uploads\/2025\/02\/2025-FSQ-INCI-A4.zip\">2025-FSQ INCI A4<\/a><a href=\"https:\/\/www.fairsquared.com\/wp-content\/uploads\/2025\/02\/2025-FSQ-INCI-A4.zip\" class=\"wp-block-file__button wp-element-button\" download aria-describedby=\"wp-block-file--media-4692e186-c97a-41fd-84ea-89d323bff5e9\">Herunterladen<\/a><\/div>\n\n\n\n<div style=\"height:30px\" aria-hidden=\"true\" class=\"wp-block-spacer\"><\/div>\n\n\n\n<p class=\"has-text-align-center has-small-font-size\">INCIS<\/p>\n\n\n\n<hr class=\"wp-block-separator has-css-opacity\"\/>\n\n\n\n<h2 class=\"wp-block-heading has-text-align-center\">R\u00dcCKSENDE FORMULAR<\/h2>\n\n\n\n<p class=\"has-text-align-center\">Wenn Sie uns die leere Beauty Bars (2,5 Liter Glasgebinde) zur\u00fccksenden, so legen Sie bitte unser R\u00fccksende Formular der Sendung bei.<\/p>\n\n\n\n<div style=\"height:30px\" aria-hidden=\"true\" class=\"wp-block-spacer\"><\/div>\n\n\n\n<div data-wp-interactive=\"core\/file\" class=\"wp-block-file aligncenter\"><object data-wp-bind--hidden=\"!state.hasPdfPreview\" hidden class=\"wp-block-file__embed\" data=\"https:\/\/www.fairsquared.com\/wp-content\/uploads\/2025\/02\/2025-FSQ-BEAUTYBAR-Ruecknahmeschein-DE.pdf\" type=\"application\/pdf\" style=\"width:100%;height:600px\" aria-label=\"Einbettung von 2025-FSQ-BEAUTYBAR-R\u00fccknahmeschein-DE.\"><\/object><a id=\"wp-block-file--media-d2f3a029-418d-4c94-bee6-2596b89d04ac\" href=\"https:\/\/www.fairsquared.com\/wp-content\/uploads\/2025\/02\/2025-FSQ-BEAUTYBAR-Ruecknahmeschein-DE.pdf\">2025-FSQ-BEAUTYBAR-R\u00fccknahmeschein-DE<\/a><a href=\"https:\/\/www.fairsquared.com\/wp-content\/uploads\/2025\/02\/2025-FSQ-BEAUTYBAR-Ruecknahmeschein-DE.pdf\" class=\"wp-block-file__button wp-element-button\" download aria-describedby=\"wp-block-file--media-d2f3a029-418d-4c94-bee6-2596b89d04ac\">Herunterladen<\/a><\/div>\n\n\n\n<p class=\"has-text-align-center has-small-font-size\">FSQ BEAUTY BAR Ru\u0308cknahmeschein<\/p>\n\n\n\n<hr class=\"wp-block-separator has-css-opacity\"\/>\n\n\n\n<p><strong>Vielen Dank f\u00fcr Ihr Interesse und viel Erfolg mit der FAIR SQUARED BEAUTY BAR w\u00fcnscht Ihnen unser Team.<\/strong><\/p>\n\n\n\n<p><strong>Ihre R\u00fcckfragen beantworten gerne sofort unter <a rel=\"noreferrer noopener\" href=\"&#109;a&#x69;l&#x74;o&#x3a;i&#x6e;f&#x6f;&#64;&#x66;&#97;&#x69;&#114;&#x73;&#113;&#x75;&#97;&#x72;&#101;&#x64;&#46;&#x63;&#111;m\" target=\"_blank\">&#x69;n&#x66;&#111;&#x40;&#x66;a&#x69;&#114;&#x73;&#x71;u&#x61;&#114;&#x65;&#x64;&#46;&#x63;&#111;&#x6d;<\/a> &nbsp;<\/strong><\/p>\n<\/div>\n<\/div>\n","protected":false},"excerpt":{"rendered":"<p>Herzlich Willkommen im Downloadbereich der FAIR SQUARED BEAUTY BAR. Dieses Angebot richtet sich ausschlie\u00dflich an Wiederverk\u00e4ufer*innen unseres Kreislaufsystem f\u00fcr kosmetische Produkte. Im folgenden finden Sie Downloads f\u00fcr Elemente unseres Systems. HANDBUCH Bitte machen Sie sich zun\u00e4chst mit dem Handbuch vertraut, in dem Sie auch eine Produktschulung finden. (Download [&hellip;]<\/p>\n","protected":false},"author":5,"featured_media":0,"parent":0,"menu_order":0,"comment_status":"closed","ping_status":"closed","template":"","meta":{"_acf_changed":false,"footnotes":""},"class_list":["post-13589","page","type-page","status-publish","hentry"],"acf":[],"_links":{"self":[{"href":"https:\/\/www.fairsquared.com\/de\/wp-json\/wp\/v2\/pages\/13589","targetHints":{"allow":["GET"]}}],"collection":[{"href":"https:\/\/www.fairsquared.com\/de\/wp-json\/wp\/v2\/pages"}],"about":[{"href":"https:\/\/www.fairsquared.com\/de\/wp-json\/wp\/v2\/types\/page"}],"author":[{"embeddable":true,"href":"https:\/\/www.fairsquared.com\/de\/wp-json\/wp\/v2\/users\/5"}],"replies":[{"embeddable":true,"href":"https:\/\/www.fairsquared.com\/de\/wp-json\/wp\/v2\/comments?post=13589"}],"version-history":[{"count":0,"href":"https:\/\/www.fairsquared.com\/de\/wp-json\/wp\/v2\/pages\/13589\/revisions"}],"wp:attachment":[{"href":"https:\/\/www.fairsquared.com\/de\/wp-json\/wp\/v2\/media?parent=13589"}],"curies":[{"name":"wp","href":"https:\/\/api.w.org\/{rel}","templated":true}]}}